{"id":115580,"date":"2017-07-02T19:59:39","date_gmt":"2017-07-02T17:59:39","guid":{"rendered":"https:\/\/meinversicherungsvergleich.at\/old-agentur-draxler\/?page_id=115580"},"modified":"2022-03-16T14:27:55","modified_gmt":"2022-03-16T13:27:55","slug":"team","status":"publish","type":"page","link":"https:\/\/meinversicherungsvergleich.at\/old-agentur-draxler\/team\/","title":{"rendered":"Team"},"content":{"rendered":"[et_pb_section fb_built=&#8220;1&#8243; _builder_version=&#8220;3.22&#8243; custom_padding=&#8220;54px|0px|0px|0px&#8220;][et_pb_row admin_label=&#8220;row&#8220; _builder_version=&#8220;3.25&#8243; background_size=&#8220;initial&#8220; background_position=&#8220;top_left&#8220; background_repeat=&#8220;repeat&#8220; custom_padding=&#8220;0px|0px|8px|0px&#8220;][et_pb_column type=&#8220;4_4&#8243; _builder_version=&#8220;3.25&#8243; background_position=&#8220;top_left&#8220; custom_padding=&#8220;|||&#8220; custom_padding__hover=&#8220;|||&#8220;][et_pb_text admin_label=&#8220;\u00dcberschrift: Kontakt&#8220; module_id=&#8220;contact&#8220; _builder_version=&#8220;3.27.4&#8243; header_font=&#8220;Roboto||||&#8220; header_font_size=&#8220;29px&#8220; header_line_height=&#8220;1.2em&#8220; background_size=&#8220;initial&#8220; background_position=&#8220;top_left&#8220; background_repeat=&#8220;repeat&#8220; text_orientation=&#8220;center&#8220; module_alignment=&#8220;center&#8220; header_font_size_tablet=&#8220;27px&#8220; header_font_size_phone=&#8220;26px&#8220; header_font_size_last_edited=&#8220;on|phone&#8220;]\n<h1 class=\"liniee\">TEAM<\/h1>\n[\/et_pb_text][\/et_pb_column][\/et_pb_row][\/et_pb_section][et_pb_section fb_built=&#8220;1&#8243; custom_padding_last_edited=&#8220;on|desktop&#8220; admin_label=&#8220;Section&#8220; _builder_version=&#8220;3.22&#8243; background_color=&#8220;#ffffff&#8220; custom_padding_tablet=&#8220;50px|0|50px|0&#8243; custom_padding_phone=&#8220;&#8220; padding_mobile=&#8220;off&#8220;][et_pb_row column_structure=&#8220;2_3,1_3&#8243; admin_label=&#8220;Row&#8220; _builder_version=&#8220;3.25&#8243; background_size=&#8220;initial&#8220; background_position=&#8220;top_left&#8220; background_repeat=&#8220;repeat&#8220;][et_pb_column type=&#8220;2_3&#8243; _builder_version=&#8220;3.25&#8243; custom_padding=&#8220;|||&#8220; custom_padding__hover=&#8220;|||&#8220;][et_pb_team_member name=&#8220;Hr. Rudolf Draxler&#8220; position=&#8220;Inhaber u. Gesch\u00e4ftsf\u00fchrer&#8220; image_url=&#8220;https:\/\/meinversicherungsvergleich.at\/old-agentur-draxler\/wp-content\/uploads\/2022\/03\/Unbenannt.jpg&#8220; facebook_url=&#8220;#&#8220; icon_color=&#8220;#333333&#8243; _builder_version=&#8220;4.7.5&#8243; header_font_size=&#8220;23&#8243; background_color=&#8220;#f2f2f2&#8243; background_size=&#8220;initial&#8220; background_position=&#8220;top_left&#8220; background_repeat=&#8220;repeat&#8220; custom_padding=&#8220;|30px|30px|&#8220; custom_padding_tablet=&#8220;&#8220; custom_padding_phone=&#8220;20px|20px|20px|20px&#8220; custom_padding_last_edited=&#8220;on|phone&#8220; hover_enabled=&#8220;0&#8243; custom_css_member_image=&#8220;border-bottom-right-radius: 100%;||overflow: hidden;||border: 10px solid #fff;||&#8220; custom_css_member_description=&#8220;border-bottom: 10px solid #333;||&#8220; custom_css_title=&#8220;padding-top:25px;&#8220; custom_css_member_position=&#8220;border-bottom: 1px solid #ccc;||font-style:italic;||color:#333;||margin-bottom:30px;&#8220; border_width_all=&#8220;0px&#8220; border_color_all=&#8220;#595959&#8243; border_style_all=&#8220;solid&#8220; use_border_color=&#8220;on&#8220; border_color=&#8220;#595959&#8243; border_style=&#8220;solid&#8220; icon_hover_color=&#8220;#000000&#8243; icon_color__hover=&#8220;#000000&#8243; icon_color__hover_enabled=&#8220;on&#8220; title_text=&#8220;Unbenannt&#8220; sticky_enabled=&#8220;0&#8243;]\n<p>gepr. Versicherungsfachmann<\/p>\n<p><strong>MOBIL:&nbsp;<\/strong>+43 (0)699\/113 51 801<br \/>\n<strong>MAIL: &nbsp; &nbsp;<\/strong><a href=\"mailto:office@agentur-draxler.at\" target=\"_blank\" rel=\"noopener noreferrer\">office@agentur-draxler.at<\/a><\/p>\n[\/et_pb_team_member][et_pb_team_member name=&#8220;BackOffice-Team&#8220; position=&#8220;Wir beantworten Ihre Fragen!&#8220; image_url=&#8220;https:\/\/meinversicherungsvergleich.at\/old-agentur-draxler\/wp-content\/uploads\/2022\/03\/woman-1.png&#8220; facebook_url=&#8220;#&#8220; icon_color=&#8220;#333333&#8243; _builder_version=&#8220;4.7.5&#8243; header_font_size=&#8220;23&#8243; background_color=&#8220;#f2f2f2&#8243; background_size=&#8220;initial&#8220; background_position=&#8220;top_left&#8220; background_repeat=&#8220;repeat&#8220; custom_padding=&#8220;|30px|30px|&#8220; custom_padding_tablet=&#8220;&#8220; custom_padding_phone=&#8220;20px|20px|20px|20px&#8220; custom_padding_last_edited=&#8220;on|phone&#8220; custom_css_member_image=&#8220;border-bottom-right-radius: 100%;||overflow: hidden;||border: 10px solid #fff;||&#8220; custom_css_member_description=&#8220;border-bottom: 10px solid #333;||&#8220; custom_css_title=&#8220;padding-top:25px;&#8220; custom_css_member_position=&#8220;border-bottom: 1px solid #ccc;||font-style:italic;||color:#333;||margin-bottom:30px;&#8220; border_color_all=&#8220;#595959&#8243; use_border_color=&#8220;on&#8220; icon_hover_color=&#8220;#000000&#8243; icon_color__hover=&#8220;#000000&#8243; icon_color__hover_enabled=&#8220;on&#8220;]\n<p>MItarbeiter im Innendienst<\/p>\n<p><strong>MOBIL:<\/strong>&nbsp;+43 (0)699\/113 51 801<br \/>\n<strong>MAIL:<\/strong>&nbsp; &nbsp;&nbsp;<a href=\"mailto:info@agentur-draxler.at\" target=\"_blank\" rel=\"noopener noreferrer\">info@agentur-draxler.at<\/a><\/p>\n[\/et_pb_team_member][\/et_pb_column][et_pb_column type=&#8220;1_3&#8243; _builder_version=&#8220;3.25&#8243; custom_padding=&#8220;|||&#8220; custom_padding__hover=&#8220;|||&#8220;][et_pb_image src=&#8220;https:\/\/meinversicherungsvergleich.at\/old-agentur-draxler\/wp-content\/uploads\/2017\/07\/WhatsApp-Image-2017-06-12-at-11.58.22.jpeg&#8220; url=&#8220;https:\/\/www.facebook.com\/Versicherungsagentur-DRAXLER-190712080961990\/&#8220; url_new_window=&#8220;on&#8220; align_tablet=&#8220;center&#8220; align_phone=&#8220;&#8220; align_last_edited=&#8220;on|desktop&#8220; _builder_version=&#8220;3.23&#8243; max_width=&#8220;240px&#8220; animation_style=&#8220;slide&#8220; animation_direction=&#8220;left&#8220; animation_duration=&#8220;500ms&#8220; animation_intensity_slide=&#8220;10%&#8220;][\/et_pb_image][et_pb_code]<iframe loading=\"lazy\" src=\"https:\/\/www.facebook.com\/plugins\/like.php?href=https%3A%2F%2Fwww.facebook.com%2FVersicherungsagentur-DRAXLER-190712080961990%2F&amp;width=101&amp;layout=box_count&amp;action=like&amp;size=large&amp;show_faces=true&amp;share=false&amp;height=65&amp;appId=1302569739816189\" width=\"101\" height=\"65\" style=\"border:none;overflow:hidden\" scrolling=\"no\" frameborder=\"0\" allowtransparency=\"true\"><\/iframe>[\/et_pb_code][et_pb_text _builder_version=&#8220;3.27.4&#8243;]\n<h3><strong>Formulare in PDF<\/strong><\/h3>\n[\/et_pb_text][et_pb_text admin_label=&#8220;Text&#8220; _builder_version=&#8220;3.0.87&#8243; custom_margin=&#8220;-25px|||&#8220; custom_padding=&#8220;|||&#8220; border_style=&#8220;solid&#8220; global_module=&#8220;115633&#8243; saved_tabs=&#8220;all&#8220;]\n<p><a href=\"https:\/\/meinversicherungsvergleich.at\/old-agentur-draxler\/wp-content\/uploads\/2017\/07\/K\u00fcndigung-Vorlage.pdf\" target=\"_blank\" rel=\"noopener noreferrer\">K\u00fcndigung<br \/>\n<\/a><a href=\"https:\/\/meinversicherungsvergleich.at\/old-agentur-draxler\/wp-content\/uploads\/2017\/07\/Vollmacht-Rudolf-Draxler.pdf\">KFZ-Vollmacht<\/a><br \/>\n<a href=\"https:\/\/meinversicherungsvergleich.at\/old-agentur-draxler\/wp-content\/uploads\/2017\/07\/Kfz-Unfallbericht.pdf\" target=\"_blank\" rel=\"noopener noreferrer\">KFZ-Unfallbericht<\/a><br \/>\n<a href=\"https:\/\/meinversicherungsvergleich.at\/old-agentur-draxler\/wp-content\/uploads\/2017\/07\/KFZ-\u00d6AMTC-Kaufvertrag.pdf\" target=\"_blank\" rel=\"noopener noreferrer\">KFZ-Kaufvertrag (\u00d6AMTC)<\/a><br \/>\n<a href=\"https:\/\/meinversicherungsvergleich.at\/old-agentur-draxler\/wp-content\/uploads\/2017\/07\/Schadenmeldung-KFZ.pdf\" target=\"_blank\" rel=\"noopener noreferrer\">KFZ-Schadenmeldung<br \/>\n<\/a><a href=\"https:\/\/meinversicherungsvergleich.at\/old-agentur-draxler\/wp-content\/uploads\/2017\/07\/SEPA-Lastschriftenmandat.pdf\" target=\"_blank\" rel=\"noopener noreferrer\">SEPA-Lastschriftenmandat<\/a><br \/>\n<a href=\"https:\/\/meinversicherungsvergleich.at\/old-agentur-draxler\/wp-content\/uploads\/2017\/07\/KFZ-Bonus-\u00dcbergabeerkl\u00e4rung.pdf\" target=\"_blank\" rel=\"noopener noreferrer\">KFZ-\u00dcbernahme der B\/M-Stufe&nbsp;<\/a><br \/>\n<a href=\"https:\/\/meinversicherungsvergleich.at\/old-agentur-draxler\/wp-content\/uploads\/2017\/07\/Schadenmeldung-Allgemeine-Haftpflicht.doc.pdf\" target=\"_blank\" rel=\"noopener noreferrer\">Schadenmeldung-Allg. Haftpflicht<\/a><br \/>\n<a href=\"https:\/\/meinversicherungsvergleich.at\/old-agentur-draxler\/wp-content\/uploads\/2017\/07\/Schadenmeldung-Unfallversicherung.pdf\" target=\"_blank\" rel=\"noopener noreferrer\">Schadenmeldung-Personenunfall<\/a><br \/>\n<a href=\"https:\/\/meinversicherungsvergleich.at\/old-agentur-draxler\/wp-content\/uploads\/2017\/07\/Schadenmeldung-Haushalt-u.-Eigenheim1.pdf\" target=\"_blank\" rel=\"noopener noreferrer\">Schadenmeldung-Haushalt u. EGH<\/a> &nbsp;<\/p>\n[\/et_pb_text][et_pb_text _builder_version=&#8220;3.27.4&#8243;]<a href=\"http:\/\/www.adobe.com\/de\/products\/acrobat\/readstep2.html?promoid=COYSX\" target=\"_blank\" rel=\"noopener noreferrer\"><img loading=\"lazy\" decoding=\"async\" class=\"wp-image-315 size-full alignleft\" src=\"https:\/\/meinversicherungsvergleich.at\/old-agentur-draxler\/wp-content\/uploads\/2017\/07\/get_adobe.jpg\" alt=\"\" width=\"120\" height=\"28\"><\/a>[\/et_pb_text][\/et_pb_column][\/et_pb_row][\/et_pb_section]\n","protected":false},"excerpt":{"rendered":"<p>TEAM gepr. Versicherungsfachmann MOBIL:&nbsp;+43 (0)699\/113 51 801 MAIL: &nbsp; &nbsp;office@agentur-draxler.at MItarbeiter im Innendienst MOBIL:&nbsp;+43 (0)699\/113 51 801 MAIL:&nbsp; &nbsp;&nbsp;info@agentur-draxler.at Formulare in PDF K\u00fcndigung KFZ-Vollmacht KFZ-Unfallbericht KFZ-Kaufvertrag (\u00d6AMTC) KFZ-Schadenmeldung SEPA-Lastschriftenmandat KFZ-\u00dcbernahme der B\/M-Stufe&nbsp; Schadenmeldung-Allg. Haftpflicht Schadenmeldung-Personenunfall Schadenmeldung-Haushalt u. EGH &nbsp;<\/p>\n","protected":false},"author":1,"featured_media":0,"parent":0,"menu_order":0,"comment_status":"closed","ping_status":"closed","template":"","meta":{"_et_pb_use_builder":"on","_et_pb_old_content":"","_et_gb_content_width":"","footnotes":""},"class_list":["post-115580","page","type-page","status-publish","hentry"],"_links":{"self":[{"href":"https:\/\/meinversicherungsvergleich.at\/old-agentur-draxler\/wp-json\/wp\/v2\/pages\/115580","targetHints":{"allow":["GET"]}}],"collection":[{"href":"https:\/\/meinversicherungsvergleich.at\/old-agentur-draxler\/wp-json\/wp\/v2\/pages"}],"about":[{"href":"https:\/\/meinversicherungsvergleich.at\/old-agentur-draxler\/wp-json\/wp\/v2\/types\/page"}],"author":[{"embeddable":true,"href":"https:\/\/meinversicherungsvergleich.at\/old-agentur-draxler\/wp-json\/wp\/v2\/users\/1"}],"replies":[{"embeddable":true,"href":"https:\/\/meinversicherungsvergleich.at\/old-agentur-draxler\/wp-json\/wp\/v2\/comments?post=115580"}],"version-history":[{"count":13,"href":"https:\/\/meinversicherungsvergleich.at\/old-agentur-draxler\/wp-json\/wp\/v2\/pages\/115580\/revisions"}],"predecessor-version":[{"id":116489,"href":"https:\/\/meinversicherungsvergleich.at\/old-agentur-draxler\/wp-json\/wp\/v2\/pages\/115580\/revisions\/116489"}],"wp:attachment":[{"href":"https:\/\/meinversicherungsvergleich.at\/old-agentur-draxler\/wp-json\/wp\/v2\/media?parent=115580"}],"curies":[{"name":"wp","href":"https:\/\/api.w.org\/{rel}","templated":true}]}}