{"id":115574,"date":"2017-07-02T19:55:53","date_gmt":"2017-07-02T17:55:53","guid":{"rendered":"https:\/\/meinversicherungsvergleich.at\/old-agentur-draxler\/?page_id=115574"},"modified":"2023-06-07T16:55:16","modified_gmt":"2023-06-07T14:55:16","slug":"stellenbeschreibung","status":"publish","type":"page","link":"https:\/\/meinversicherungsvergleich.at\/old-agentur-draxler\/stellenbeschreibung\/","title":{"rendered":"Stellenbeschreibung"},"content":{"rendered":"[et_pb_section fb_built=&#8220;1&#8243; _builder_version=&#8220;4.16&#8243; custom_padding=&#8220;54px|0px|0px|0px&#8220; global_colors_info=&#8220;{}&#8220;][et_pb_row admin_label=&#8220;row&#8220; _builder_version=&#8220;4.16&#8243; background_size=&#8220;initial&#8220; background_position=&#8220;top_left&#8220; background_repeat=&#8220;repeat&#8220; custom_padding=&#8220;0px|0px|8px|0px&#8220; global_colors_info=&#8220;{}&#8220;][et_pb_column type=&#8220;4_4&#8243; _builder_version=&#8220;4.16&#8243; background_position=&#8220;top_left&#8220; custom_padding=&#8220;|||&#8220; global_colors_info=&#8220;{}&#8220; custom_padding__hover=&#8220;|||&#8220;][et_pb_text admin_label=&#8220;\u00dcberschrift: Kontakt&#8220; module_id=&#8220;contact&#8220; _builder_version=&#8220;4.16&#8243; header_font=&#8220;Roboto||||&#8220; header_font_size=&#8220;29px&#8220; header_line_height=&#8220;1.2em&#8220; background_size=&#8220;initial&#8220; background_position=&#8220;top_left&#8220; background_repeat=&#8220;repeat&#8220; text_orientation=&#8220;center&#8220; module_alignment=&#8220;center&#8220; header_font_size_tablet=&#8220;26px&#8220; header_font_size_phone=&#8220;24px&#8220; header_font_size_last_edited=&#8220;on|desktop&#8220; border_style=&#8220;solid&#8220; global_colors_info=&#8220;{}&#8220;]\n<h1 class=\"liniee\">STELLENBESCHREIBUNG<\/h1>\n[\/et_pb_text][\/et_pb_column][\/et_pb_row][\/et_pb_section][et_pb_section fb_built=&#8220;1&#8243; admin_label=&#8220;section&#8220; _builder_version=&#8220;4.16&#8243; global_colors_info=&#8220;{}&#8220;][et_pb_row admin_label=&#8220;row&#8220; _builder_version=&#8220;4.16&#8243; background_size=&#8220;initial&#8220; background_position=&#8220;top_left&#8220; background_repeat=&#8220;repeat&#8220; global_colors_info=&#8220;{}&#8220; column_structure=&#8220;2_3,1_3&#8243;][et_pb_column type=&#8220;2_3&#8243; _builder_version=&#8220;4.16&#8243; background_position=&#8220;top_left&#8220; custom_padding=&#8220;|||&#8220; global_colors_info=&#8220;{}&#8220; custom_padding__hover=&#8220;|||&#8220;][et_pb_text _builder_version=&#8220;4.16&#8243; global_colors_info=&#8220;{}&#8220;]\n<h4><strong>OFFENE STELLE f\u00fcr 2 Versicherungsberater\/innen im Au\u00dfendienst!<\/strong><\/h4>\n<p><strong>QUALIFIKATION\/PRAXIS\/T\u00c4TIGK<\/strong><strong>EIT<br \/><\/strong><strong>Selbst\u00e4ndige Besch\u00e4ftigung auf Provisionsbasis inkl. FIXUM &amp; Diensthandy!<\/strong><\/p>\n<ul>\n<li>absolvierte B\u00d6V-Pr\u00fcfung oder abgeschlossene Ausbildung zum Versicherungskaufmann\/frau<br \/>bzw. Versicherungsagent\/in oder Agent\/in, Makler\/in<\/li>\n<li>Erfahrung in der Kundenberatung im Verkauf und Verhandlungsgeschick<\/li>\n<li>kaufm\u00e4nnisches und l\u00f6sungsorientiertes Denken<\/li>\n<li>gepflegtes Auftreten und eine stilsichere Ausdrucksweise zeichnen Sie aus<\/li>\n<li>gute MS Office-Kenntnisse<\/li>\n<\/ul>\n<p><strong>ANGEBOT:<\/strong><strong><br \/><\/strong><\/p>\n<ul>\n<li>herausfordernde T\u00e4tigkeit, gut eingespieltes TEAM<\/li>\n<li>H\u00f6he des Fixum sowie Diensthandy nach Absprache<\/li>\n<li>sehr gute Backoffice-Unterst\u00fctzung<\/li>\n<li>Zusammenarbeit mit verschiedenster Versicherungspartner<\/li>\n<li>freie Zeiteinteilung<\/li>\n<\/ul>\n<p><strong>KONTAKT:<\/strong><br \/><strong>Bitte bewerben Sie sich mit einer aussagekr\u00e4ftigen Bewerbung sowie Lebenslauf inkl. Bild an:<\/strong>\u00a0<a href=\"mailto:office@agentur-draxler.at\" target=\"_blank\" rel=\"noopener noreferrer\">office@agentur-draxler.at<\/a><\/p>\n<p><strong>ANGABEN DES UNTERNEHMENS GEM\u00c4\u00df GLEICHBEHANDLUNGSGESETZ:<\/strong><br \/>Die Angabe des Mindestentgelts f\u00fcr dieses Stellenangebot ist nicht verpflichtend, da die gesetzlichen Bestimmungen zu Entgeltangabe hier nicht zutreffen.<\/p>\n<p>&nbsp;<\/p>\n<p style=\"padding-bottom: 1em; color: #666666; font-family: 'Open Sans', Arial, sans-serif; font-size: 14px; font-style: normal; font-variant-ligatures: normal; font-variant-caps: normal; font-weight: 500; letter-spacing: normal; orphans: 2; text-align: start; text-indent: 0px; text-transform: none; white-space: normal; widows: 2; word-spacing: 0px; -webkit-text-stroke-width: 0px; text-decoration-style: initial; text-decoration-color: initial;\"><img loading=\"lazy\" decoding=\"async\" class=\"size-medium wp-image-115741 aligncenter\" style=\"height: auto; max-width: 100%; display: block; margin-left: auto; margin-right: auto;\" src=\"https:\/\/meinversicherungsvergleich.at\/old-agentur-draxler\/wp-content\/uploads\/2017\/07\/JOB-300x253.jpg\" alt=\"\" width=\"300\" height=\"253\" srcset=\"https:\/\/meinversicherungsvergleich.at\/old-agentur-draxler\/wp-content\/uploads\/2017\/07\/JOB-300x253.jpg 300w, https:\/\/meinversicherungsvergleich.at\/old-agentur-draxler\/wp-content\/uploads\/2017\/07\/JOB.jpg 669w\" sizes=\"(max-width: 300px) 100vw, 300px\" \/><\/p>\n[\/et_pb_text][\/et_pb_column][et_pb_column type=&#8220;1_3&#8243; _builder_version=&#8220;4.16&#8243; background_position=&#8220;top_left&#8220; custom_padding=&#8220;|||&#8220; global_colors_info=&#8220;{}&#8220; custom_padding__hover=&#8220;|||&#8220;][et_pb_image src=&#8220;https:\/\/meinversicherungsvergleich.at\/old-agentur-draxler\/wp-content\/uploads\/2017\/07\/WhatsApp-Image-2017-06-12-at-11.58.22.jpeg&#8220; url=&#8220;https:\/\/www.facebook.com\/Versicherungsagentur-DRAXLER-190712080961990\/&#8220; url_new_window=&#8220;on&#8220; align_tablet=&#8220;center&#8220; align_last_edited=&#8220;on|desktop&#8220; _builder_version=&#8220;4.16&#8243; max_width=&#8220;240px&#8220; animation_style=&#8220;slide&#8220; animation_direction=&#8220;left&#8220; animation_duration=&#8220;500ms&#8220; animation_intensity_slide=&#8220;10%&#8220; global_colors_info=&#8220;{}&#8220; align_phone=&#8220;center&#8220;][\/et_pb_image][et_pb_code _builder_version=&#8220;4.16&#8243; global_colors_info=&#8220;{}&#8220;]<iframe loading=\"lazy\" src=\"https:\/\/www.facebook.com\/plugins\/like.php?href=https%3A%2F%2Fwww.facebook.com%2FVersicherungsagentur-DRAXLER-190712080961990%2F&#038;width=101&#038;layout=box_count&#038;action=like&#038;size=large&#038;show_faces=true&#038;share=false&#038;height=65&#038;appId=1302569739816189\" width=\"101\" height=\"65\" style=\"border:none;overflow:hidden\" scrolling=\"no\" frameborder=\"0\" allowTransparency=\"true\"><\/iframe>[\/et_pb_code][et_pb_text _builder_version=&#8220;4.16&#8243; global_colors_info=&#8220;{}&#8220;]\n<h3><strong>Formulare in PDF<\/strong><\/h3>\n[\/et_pb_text][et_pb_text content_last_edited=&#8220;off|desktop&#8220; admin_label=&#8220;Text&#8220; _builder_version=&#8220;4.20.2&#8243; custom_margin=&#8220;-25px|||&#8220; custom_padding=&#8220;1px|||||&#8220; border_style=&#8220;solid&#8220; global_module=&#8220;115633&#8243; saved_tabs=&#8220;all&#8220; global_colors_info=&#8220;{}&#8220;]\n<p><a href=\"https:\/\/meinversicherungsvergleich.at\/old-agentur-draxler\/wp-content\/uploads\/2023\/03\/Kuendigung.pdf\" target=\"_blank\" rel=\"noopener noreferrer\">K\u00fcndigung<\/a><br \/><a href=\"https:\/\/meinversicherungsvergleich.at\/old-agentur-draxler\/wp-content\/uploads\/2023\/03\/Kundenvollmacht.pdf\" target=\"_blank\" rel=\"noopener noreferrer\">Kundenvollmacht<\/a><br \/><a href=\"https:\/\/meinversicherungsvergleich.at\/old-agentur-draxler\/wp-content\/uploads\/2017\/07\/Vollmacht-Rudolf-Draxler.pdf\"><\/a><a href=\"https:\/\/meinversicherungsvergleich.at\/old-agentur-draxler\/wp-content\/uploads\/2017\/07\/Kfz-Unfallbericht.pdf\" target=\"_blank\" rel=\"noopener noreferrer\">KFZ-Unfallbericht<\/a><br \/><a href=\"https:\/\/meinversicherungsvergleich.at\/old-agentur-draxler\/wp-content\/uploads\/2017\/07\/KFZ-\u00d6AMTC-Kaufvertrag.pdf\" target=\"_blank\" rel=\"noopener noreferrer\">KFZ-Kaufvertrag (\u00d6AMTC)<\/a><br \/><a href=\"https:\/\/meinversicherungsvergleich.at\/old-agentur-draxler\/wp-content\/uploads\/2017\/07\/Schadenmeldung-KFZ.pdf\" target=\"_blank\" rel=\"noopener noreferrer\">KFZ-Schadenmeldung<br \/><\/a><a href=\"https:\/\/meinversicherungsvergleich.at\/old-agentur-draxler\/wp-content\/uploads\/2017\/07\/SEPA-Lastschriftenmandat.pdf\" target=\"_blank\" rel=\"noopener noreferrer\">SEPA-Lastschriftenmandat<\/a><br \/><a href=\"https:\/\/meinversicherungsvergleich.at\/old-agentur-draxler\/wp-content\/uploads\/2017\/07\/KFZ-Bonus-\u00dcbergabeerkl\u00e4rung.pdf\" target=\"_blank\" rel=\"noopener noreferrer\">KFZ-\u00dcbernahme der B\/M-Stufe\u00a0<\/a><br \/><a href=\"https:\/\/meinversicherungsvergleich.at\/old-agentur-draxler\/wp-content\/uploads\/2017\/07\/Schadenmeldung-Allgemeine-Haftpflicht.doc.pdf\" target=\"_blank\" rel=\"noopener noreferrer\">Schadenmeldung-Allg. Haftpflicht<\/a><br \/><a href=\"https:\/\/meinversicherungsvergleich.at\/old-agentur-draxler\/wp-content\/uploads\/2017\/07\/Schadenmeldung-Unfallversicherung.pdf\" target=\"_blank\" rel=\"noopener noreferrer\">Schadenmeldung-Personenunfall<\/a><br \/><a href=\"https:\/\/meinversicherungsvergleich.at\/old-agentur-draxler\/wp-content\/uploads\/2017\/07\/Schadenmeldung-Haushalt-u.-Eigenheim1.pdf\" target=\"_blank\" rel=\"noopener noreferrer\">Schadenmeldung-Haushalt u. EGH<\/a><\/p>\n[\/et_pb_text][et_pb_text _builder_version=&#8220;4.16&#8243; global_colors_info=&#8220;{}&#8220;]<a href=\"http:\/\/www.adobe.com\/de\/products\/acrobat\/readstep2.html?promoid=COYSX\" target=\"_blank\" rel=\"noopener noreferrer\"><img loading=\"lazy\" decoding=\"async\" class=\"wp-image-315 size-full alignleft\" src=\"https:\/\/meinversicherungsvergleich.at\/old-agentur-draxler\/wp-content\/uploads\/2017\/07\/get_adobe.jpg\" alt=\"\" width=\"120\" height=\"28\" \/><\/a><br \/>\n[\/et_pb_text][\/et_pb_column][\/et_pb_row][\/et_pb_section]\n","protected":false},"excerpt":{"rendered":"<p>STELLENBESCHREIBUNG OFFENE STELLE f\u00fcr 2 Versicherungsberater\/innen im Au\u00dfendienst! QUALIFIKATION\/PRAXIS\/T\u00c4TIGKEITSelbst\u00e4ndige Besch\u00e4ftigung auf Provisionsbasis inkl. FIXUM &amp; Diensthandy! absolvierte B\u00d6V-Pr\u00fcfung oder abgeschlossene Ausbildung zum Versicherungskaufmann\/fraubzw. Versicherungsagent\/in oder Agent\/in, Makler\/in Erfahrung in der Kundenberatung im Verkauf und Verhandlungsgeschick kaufm\u00e4nnisches und l\u00f6sungsorientiertes Denken gepflegtes Auftreten und eine stilsichere Ausdrucksweise zeichnen Sie aus gute MS Office-Kenntnisse ANGEBOT: herausfordernde T\u00e4tigkeit, gut [&hellip;]<\/p>\n","protected":false},"author":1,"featured_media":0,"parent":0,"menu_order":0,"comment_status":"closed","ping_status":"closed","template":"","meta":{"_et_pb_use_builder":"on","_et_pb_old_content":"","_et_gb_content_width":"","footnotes":""},"class_list":["post-115574","page","type-page","status-publish","hentry"],"_links":{"self":[{"href":"https:\/\/meinversicherungsvergleich.at\/old-agentur-draxler\/wp-json\/wp\/v2\/pages\/115574","targetHints":{"allow":["GET"]}}],"collection":[{"href":"https:\/\/meinversicherungsvergleich.at\/old-agentur-draxler\/wp-json\/wp\/v2\/pages"}],"about":[{"href":"https:\/\/meinversicherungsvergleich.at\/old-agentur-draxler\/wp-json\/wp\/v2\/types\/page"}],"author":[{"embeddable":true,"href":"https:\/\/meinversicherungsvergleich.at\/old-agentur-draxler\/wp-json\/wp\/v2\/users\/1"}],"replies":[{"embeddable":true,"href":"https:\/\/meinversicherungsvergleich.at\/old-agentur-draxler\/wp-json\/wp\/v2\/comments?post=115574"}],"version-history":[{"count":7,"href":"https:\/\/meinversicherungsvergleich.at\/old-agentur-draxler\/wp-json\/wp\/v2\/pages\/115574\/revisions"}],"predecessor-version":[{"id":116611,"href":"https:\/\/meinversicherungsvergleich.at\/old-agentur-draxler\/wp-json\/wp\/v2\/pages\/115574\/revisions\/116611"}],"wp:attachment":[{"href":"https:\/\/meinversicherungsvergleich.at\/old-agentur-draxler\/wp-json\/wp\/v2\/media?parent=115574"}],"curies":[{"name":"wp","href":"https:\/\/api.w.org\/{rel}","templated":true}]}}