{"id":115567,"date":"2017-07-02T19:49:25","date_gmt":"2017-07-02T17:49:25","guid":{"rendered":"https:\/\/meinversicherungsvergleich.at\/old-agentur-draxler\/?page_id=115567"},"modified":"2023-03-20T15:56:50","modified_gmt":"2023-03-20T14:56:50","slug":"impressum","status":"publish","type":"page","link":"https:\/\/meinversicherungsvergleich.at\/old-agentur-draxler\/impressum\/","title":{"rendered":"Impressum"},"content":{"rendered":"[et_pb_section fb_built=&#8220;1&#8243; admin_label=&#8220;Sektion&#8220; _builder_version=&#8220;4.16&#8243; custom_padding=&#8220;54px|0px|0px|0px&#8220; global_colors_info=&#8220;{}&#8220;][et_pb_row admin_label=&#8220;row&#8220; _builder_version=&#8220;4.16&#8243; background_size=&#8220;initial&#8220; background_position=&#8220;top_left&#8220; background_repeat=&#8220;repeat&#8220; custom_padding=&#8220;0px|0px|8px|0px&#8220; global_colors_info=&#8220;{}&#8220;][et_pb_column type=&#8220;4_4&#8243; _builder_version=&#8220;4.16&#8243; background_position=&#8220;top_left&#8220; custom_padding=&#8220;|||&#8220; global_colors_info=&#8220;{}&#8220; custom_padding__hover=&#8220;|||&#8220;][et_pb_text admin_label=&#8220;\u00dcberschrift: Kontakt&#8220; module_id=&#8220;contact&#8220; _builder_version=&#8220;4.16&#8243; header_font=&#8220;Roboto||||&#8220; header_font_size=&#8220;29px&#8220; header_line_height=&#8220;1.2em&#8220; background_size=&#8220;initial&#8220; background_position=&#8220;top_left&#8220; background_repeat=&#8220;repeat&#8220; text_orientation=&#8220;center&#8220; module_alignment=&#8220;center&#8220; header_font_size_tablet=&#8220;27px&#8220; header_font_size_phone=&#8220;26px&#8220; header_font_size_last_edited=&#8220;on|phone&#8220; global_colors_info=&#8220;{}&#8220;]\n<h1 class=\"liniee\">IMPRESSUM<\/h1>\n[\/et_pb_text][\/et_pb_column][\/et_pb_row][\/et_pb_section][et_pb_section fb_built=&#8220;1&#8243; admin_label=&#8220;section&#8220; _builder_version=&#8220;4.16&#8243; global_colors_info=&#8220;{}&#8220;][et_pb_row column_structure=&#8220;2_3,1_3&#8243; admin_label=&#8220;row&#8220; _builder_version=&#8220;4.16&#8243; background_size=&#8220;initial&#8220; background_position=&#8220;top_left&#8220; background_repeat=&#8220;repeat&#8220; global_colors_info=&#8220;{}&#8220;][et_pb_column type=&#8220;2_3&#8243; _builder_version=&#8220;4.16&#8243; custom_padding=&#8220;|||&#8220; global_colors_info=&#8220;{}&#8220; custom_padding__hover=&#8220;|||&#8220;][et_pb_text admin_label=&#8220;Text&#8220; _builder_version=&#8220;4.16&#8243; global_colors_info=&#8220;{}&#8220;]\n<div style=\"text-align: left;\">\n<p><strong>Firma:<\/strong> Versicherungsagentur-DRAXLER<\/p>\n<p><strong>Inhaber:<\/strong> Rudolf Draxler<\/p>\n<p><strong>Kundenb\u00fcro:<\/strong><\/p>\n<p>Fabriksgasse 11<\/p>\n<p>2620 Neunkirchen, N\u00d6<\/p>\n<p><img loading=\"lazy\" decoding=\"async\" src=\"https:\/\/meinversicherungsvergleich.at\/old-agentur-draxler\/wp-content\/uploads\/2019\/02\/Neunkirchner-Wirtschaft-Logo-175x300.jpg\" alt=\"Neunkirchner Wirtschaft Logo\" width=\"90\" height=\"154\" \/><\/p>\n<p><strong>Mobil:<\/strong> +4369911351801<\/p>\n<p><strong>E-Mail:<\/strong> <a href=\"mailto:office@agentur-draxler.at\">office@agentur-draxler.at<\/a><\/p>\n<p><strong>Kammerzugeh\u00f6rigkeit:<\/strong> Wirtschaftskammer, N\u00d6<\/p>\n<p><strong>Beh\u00f6rde lt. ECG:<\/strong> BH-Neunkirchen, 2620<\/p>\n<p><strong>Gewerberegister:<\/strong> 318-NKW1-G-1096<\/p>\n<p><strong>Fachgruppe:<\/strong> Versicherungsvermittlung in Form Versicherungsagent<\/p>\n<p><img loading=\"lazy\" decoding=\"async\" src=\"https:\/\/meinversicherungsvergleich.at\/old-agentur-draxler\/wp-content\/uploads\/2019\/12\/Versicherungsagent-300x300.jpg\" alt=\"Versicherungsagent\" width=\"83\" height=\"83\" \/><\/p>\n<p><strong>EDC u. Mediengesetz:<\/strong> <a href=\"https:\/\/www.wkoecg.at\/Web\/Ecg.aspx?FirmaID=84d17ac4-2300-4223-924a-cee5d8949e22\" target=\"_blank\" rel=\"noopener noreferrer\"><br \/>\n<img decoding=\"async\" src=\"https:\/\/meinversicherungsvergleich.at\/old-agentur-draxler\/wp-content\/uploads\/2017\/07\/ecg.gif\" alt=\"Informationen zu E-Commerce und Mediengesetz\" \/><br \/>\n<\/a><\/p>\n<\/div>\n[\/et_pb_text][\/et_pb_column][et_pb_column type=&#8220;1_3&#8243; _builder_version=&#8220;4.16&#8243; custom_padding=&#8220;|||&#8220; global_colors_info=&#8220;{}&#8220; custom_padding__hover=&#8220;|||&#8220;][et_pb_image src=&#8220;https:\/\/meinversicherungsvergleich.at\/old-agentur-draxler\/wp-content\/uploads\/2023\/03\/Avatar.png&#8220; url=&#8220;https:\/\/www.facebook.com\/Versicherungsagentur-DRAXLER-190712080961990\/&#8220; url_new_window=&#8220;on&#8220; align_tablet=&#8220;center&#8220; align_phone=&#8220;&#8220; align_last_edited=&#8220;on|desktop&#8220; admin_label=&#8220;Bild&#8220; _builder_version=&#8220;4.20.2&#8243; max_width=&#8220;240px&#8220; animation_style=&#8220;slide&#8220; animation_direction=&#8220;left&#8220; animation_duration=&#8220;500ms&#8220; animation_intensity_slide=&#8220;10%&#8220; hover_enabled=&#8220;0&#8243; global_colors_info=&#8220;{}&#8220; title_text=&#8220;Avatar&#8220; sticky_enabled=&#8220;0&#8243;][\/et_pb_image][et_pb_code admin_label=&#8220;Code&#8220; _builder_version=&#8220;4.16&#8243; global_colors_info=&#8220;{}&#8220;]<iframe loading=\"lazy\" style=\"border: none; overflow: hidden;\" src=\"https:\/\/www.facebook.com\/plugins\/like.php?href=https%3A%2F%2Fwww.facebook.com%2FVersicherungsagentur-DRAXLER-190712080961990%2F&#038;width=101&#038;layout=box_count&#038;action=like&#038;size=large&#038;show_faces=true&#038;share=false&#038;height=65&#038;appId=1302569739816189\" width=\"101\" height=\"65\" frameborder=\"0\" scrolling=\"no\"><\/iframe>[\/et_pb_code][et_pb_text admin_label=&#8220;Text&#8220; _builder_version=&#8220;4.16&#8243; global_colors_info=&#8220;{}&#8220;]\n<h3><strong>Formulare in PDF<\/strong><\/h3>\n[\/et_pb_text][et_pb_text content_last_edited=&#8220;off|desktop&#8220; admin_label=&#8220;Text&#8220; _builder_version=&#8220;4.20.2&#8243; custom_margin=&#8220;-25px|||&#8220; custom_padding=&#8220;1px|||||&#8220; border_style=&#8220;solid&#8220; global_module=&#8220;115633&#8243; saved_tabs=&#8220;all&#8220; global_colors_info=&#8220;{}&#8220;]\n<p><a href=\"https:\/\/meinversicherungsvergleich.at\/old-agentur-draxler\/wp-content\/uploads\/2017\/07\/K\u00fcndigung-Vorlage.pdf\" target=\"_blank\" rel=\"noopener noreferrer\">K\u00fcndigung<br \/><\/a><a href=\"https:\/\/meinversicherungsvergleich.at\/old-agentur-draxler\/wp-content\/uploads\/2023\/03\/Kundenvollmacht-neu.pdf\" rel=\"attachment noopener noreferrer wp-att-116503\" target=\"_blank\">Kundenvollmacht<\/a><a href=\"https:\/\/meinversicherungsvergleich.at\/old-agentur-draxler\/wp-content\/uploads\/2017\/07\/Vollmacht-Rudolf-Draxler.pdf\"><\/a><br \/><a href=\"https:\/\/meinversicherungsvergleich.at\/old-agentur-draxler\/wp-content\/uploads\/2017\/07\/Kfz-Unfallbericht.pdf\" target=\"_blank\" rel=\"noopener noreferrer\">KFZ-Unfallbericht<\/a><br \/><a href=\"https:\/\/meinversicherungsvergleich.at\/old-agentur-draxler\/wp-content\/uploads\/2017\/07\/KFZ-\u00d6AMTC-Kaufvertrag.pdf\" target=\"_blank\" rel=\"noopener noreferrer\">KFZ-Kaufvertrag (\u00d6AMTC)<\/a><br \/><a href=\"https:\/\/meinversicherungsvergleich.at\/old-agentur-draxler\/wp-content\/uploads\/2017\/07\/Schadenmeldung-KFZ.pdf\" target=\"_blank\" rel=\"noopener noreferrer\">KFZ-Schadenmeldung<br \/><\/a><a href=\"https:\/\/meinversicherungsvergleich.at\/old-agentur-draxler\/wp-content\/uploads\/2017\/07\/SEPA-Lastschriftenmandat.pdf\" target=\"_blank\" rel=\"noopener noreferrer\">SEPA-Lastschriftenmandat<\/a><br \/><a href=\"https:\/\/meinversicherungsvergleich.at\/old-agentur-draxler\/wp-content\/uploads\/2017\/07\/KFZ-Bonus-\u00dcbergabeerkl\u00e4rung.pdf\" target=\"_blank\" rel=\"noopener noreferrer\">KFZ-\u00dcbernahme der B\/M-Stufe\u00a0<\/a><br \/><a href=\"https:\/\/meinversicherungsvergleich.at\/old-agentur-draxler\/wp-content\/uploads\/2017\/07\/Schadenmeldung-Allgemeine-Haftpflicht.doc.pdf\" target=\"_blank\" rel=\"noopener noreferrer\">Schadenmeldung-Allg. Haftpflicht<\/a><br \/><a href=\"https:\/\/meinversicherungsvergleich.at\/old-agentur-draxler\/wp-content\/uploads\/2017\/07\/Schadenmeldung-Unfallversicherung.pdf\" target=\"_blank\" rel=\"noopener noreferrer\">Schadenmeldung-Personenunfall<\/a><br \/><a href=\"https:\/\/meinversicherungsvergleich.at\/old-agentur-draxler\/wp-content\/uploads\/2017\/07\/Schadenmeldung-Haushalt-u.-Eigenheim1.pdf\" target=\"_blank\" rel=\"noopener noreferrer\">Schadenmeldung-Haushalt u. EGH<\/a><\/p>\n[\/et_pb_text][et_pb_text admin_label=&#8220;Text&#8220; _builder_version=&#8220;4.16&#8243; global_colors_info=&#8220;{}&#8220;] <a href=\"http:\/\/www.adobe.com\/de\/products\/acrobat\/readstep2.html?promoid=COYSX\" target=\"_blank\" rel=\"noopener noreferrer\"><img loading=\"lazy\" decoding=\"async\" class=\"wp-image-315 size-full alignleft\" src=\"https:\/\/meinversicherungsvergleich.at\/old-agentur-draxler\/wp-content\/uploads\/2017\/07\/get_adobe.jpg\" alt=\"\" width=\"120\" height=\"28\" \/><\/a> [\/et_pb_text][\/et_pb_column][\/et_pb_row][\/et_pb_section]\n","protected":false},"excerpt":{"rendered":"<p>IMPRESSUM Firma: Versicherungsagentur-DRAXLER Inhaber: Rudolf Draxler Kundenb\u00fcro: Fabriksgasse 11 2620 Neunkirchen, N\u00d6 Mobil: +4369911351801 E-Mail: office@agentur-draxler.at Kammerzugeh\u00f6rigkeit: Wirtschaftskammer, N\u00d6 Beh\u00f6rde lt. ECG: BH-Neunkirchen, 2620 Gewerberegister: 318-NKW1-G-1096 Fachgruppe: Versicherungsvermittlung in Form Versicherungsagent EDC u. Mediengesetz: Formulare in PDFK\u00fcndigungKundenvollmachtKFZ-UnfallberichtKFZ-Kaufvertrag (\u00d6AMTC)KFZ-SchadenmeldungSEPA-LastschriftenmandatKFZ-\u00dcbernahme der B\/M-Stufe\u00a0Schadenmeldung-Allg. HaftpflichtSchadenmeldung-PersonenunfallSchadenmeldung-Haushalt u. EGH<\/p>\n","protected":false},"author":1,"featured_media":0,"parent":0,"menu_order":0,"comment_status":"closed","ping_status":"closed","template":"","meta":{"_et_pb_use_builder":"on","_et_pb_old_content":"","_et_gb_content_width":"","footnotes":""},"class_list":["post-115567","page","type-page","status-publish","hentry"],"_links":{"self":[{"href":"https:\/\/meinversicherungsvergleich.at\/old-agentur-draxler\/wp-json\/wp\/v2\/pages\/115567","targetHints":{"allow":["GET"]}}],"collection":[{"href":"https:\/\/meinversicherungsvergleich.at\/old-agentur-draxler\/wp-json\/wp\/v2\/pages"}],"about":[{"href":"https:\/\/meinversicherungsvergleich.at\/old-agentur-draxler\/wp-json\/wp\/v2\/types\/page"}],"author":[{"embeddable":true,"href":"https:\/\/meinversicherungsvergleich.at\/old-agentur-draxler\/wp-json\/wp\/v2\/users\/1"}],"replies":[{"embeddable":true,"href":"https:\/\/meinversicherungsvergleich.at\/old-agentur-draxler\/wp-json\/wp\/v2\/comments?post=115567"}],"version-history":[{"count":9,"href":"https:\/\/meinversicherungsvergleich.at\/old-agentur-draxler\/wp-json\/wp\/v2\/pages\/115567\/revisions"}],"predecessor-version":[{"id":116575,"href":"https:\/\/meinversicherungsvergleich.at\/old-agentur-draxler\/wp-json\/wp\/v2\/pages\/115567\/revisions\/116575"}],"wp:attachment":[{"href":"https:\/\/meinversicherungsvergleich.at\/old-agentur-draxler\/wp-json\/wp\/v2\/media?parent=115567"}],"curies":[{"name":"wp","href":"https:\/\/api.w.org\/{rel}","templated":true}]}}