{"id":115564,"date":"2017-07-02T19:49:40","date_gmt":"2017-07-02T17:49:40","guid":{"rendered":"https:\/\/meinversicherungsvergleich.at\/old-agentur-draxler\/?page_id=115564"},"modified":"2023-10-16T14:50:46","modified_gmt":"2023-10-16T12:50:46","slug":"formulare","status":"publish","type":"page","link":"https:\/\/meinversicherungsvergleich.at\/old-agentur-draxler\/formulare\/","title":{"rendered":"Formulare"},"content":{"rendered":"[et_pb_section fb_built=&#8220;1&#8243; admin_label=&#8220;Sektion&#8220; _builder_version=&#8220;4.16&#8243; custom_padding=&#8220;54px|0px|0px|0px&#8220; global_colors_info=&#8220;{}&#8220;][et_pb_row admin_label=&#8220;row&#8220; _builder_version=&#8220;4.16&#8243; background_size=&#8220;initial&#8220; background_position=&#8220;top_left&#8220; background_repeat=&#8220;repeat&#8220; custom_padding=&#8220;0px|0px|8px|0px&#8220; global_colors_info=&#8220;{}&#8220;][et_pb_column type=&#8220;4_4&#8243; _builder_version=&#8220;4.16&#8243; background_position=&#8220;top_left&#8220; custom_padding=&#8220;|||&#8220; global_colors_info=&#8220;{}&#8220; custom_padding__hover=&#8220;|||&#8220;][et_pb_text admin_label=&#8220;\u00dcberschrift: Kontakt&#8220; module_id=&#8220;contact&#8220; _builder_version=&#8220;4.16&#8243; header_font=&#8220;Roboto||||&#8220; header_font_size=&#8220;29px&#8220; header_line_height=&#8220;1.2em&#8220; background_size=&#8220;initial&#8220; background_position=&#8220;top_left&#8220; background_repeat=&#8220;repeat&#8220; text_orientation=&#8220;center&#8220; module_alignment=&#8220;center&#8220; header_font_size_tablet=&#8220;27px&#8220; header_font_size_phone=&#8220;26px&#8220; header_font_size_last_edited=&#8220;on|phone&#8220; global_colors_info=&#8220;{}&#8220;]\n<h1 class=\"liniee\">FORMULARE<\/h1>\n[\/et_pb_text][\/et_pb_column][\/et_pb_row][\/et_pb_section][et_pb_section fb_built=&#8220;1&#8243; admin_label=&#8220;section&#8220; _builder_version=&#8220;4.16&#8243; global_colors_info=&#8220;{}&#8220;][et_pb_row column_structure=&#8220;2_3,1_3&#8243; admin_label=&#8220;row&#8220; _builder_version=&#8220;4.16&#8243; background_size=&#8220;initial&#8220; background_position=&#8220;top_left&#8220; background_repeat=&#8220;repeat&#8220; hover_enabled=&#8220;0&#8243; global_colors_info=&#8220;{}&#8220; sticky_enabled=&#8220;0&#8243;][et_pb_column type=&#8220;2_3&#8243; _builder_version=&#8220;4.16&#8243; background_position=&#8220;top_left&#8220; custom_padding=&#8220;|||&#8220; global_colors_info=&#8220;{}&#8220; custom_padding__hover=&#8220;|||&#8220;][et_pb_text admin_label=&#8220;K\u00fcndigung&#8220; _builder_version=&#8220;4.21.0&#8243; hover_enabled=&#8220;0&#8243; border_style=&#8220;solid&#8220; global_colors_info=&#8220;{}&#8220; custom_padding=&#8220;||0px|||&#8220; sticky_enabled=&#8220;0&#8243;]\n<p><a href=\"https:\/\/www.titanmedia.at\/draxler1\/wp-content\/uploads\/2017\/06\/k_ndigung-vorlage_2015.pdf\" target=\"_blank\" rel=\"noopener noreferrer\"><img loading=\"lazy\" decoding=\"async\" class=\"alignleft wp-image-115418\" src=\"https:\/\/meinversicherungsvergleich.at\/old-agentur-draxler\/wp-content\/uploads\/2017\/07\/Zpt8n-150x150.jpg\" alt=\"\" width=\"30\" height=\"30\" \/><\/a><a href=\"https:\/\/meinversicherungsvergleich.at\/old-agentur-draxler\/wp-content\/uploads\/2023\/10\/Kuendigung.pdf\" target=\"_blank\" rel=\"noopener noreferrer\">K\u00fcndigung<\/a><a href=\"https:\/\/www.titanmedia.at\/draxler1\/wp-content\/uploads\/2017\/06\/k_ndigung-vorlage_2015.pdf\" target=\"_blank\" rel=\"noopener noreferrer\"><br \/><\/a><\/p>\n[\/et_pb_text][et_pb_text admin_label=&#8220;K\u00fcndigung&#8220; _builder_version=&#8220;4.21.0&#8243; border_style=&#8220;solid&#8220; global_colors_info=&#8220;{}&#8220;]\n<p><a href=\"https:\/\/www.titanmedia.at\/draxler1\/wp-content\/uploads\/2017\/06\/k_ndigung-vorlage_2015.pdf\" target=\"_blank\" rel=\"noopener noreferrer\"><img loading=\"lazy\" decoding=\"async\" class=\"alignleft wp-image-115418\" src=\"https:\/\/meinversicherungsvergleich.at\/old-agentur-draxler\/wp-content\/uploads\/2017\/07\/Zpt8n-150x150.jpg\" alt=\"\" width=\"30\" height=\"30\" \/><\/a><a href=\"https:\/\/meinversicherungsvergleich.at\/old-agentur-draxler\/wp-content\/uploads\/2023\/10\/Vollmacht.pdf\" target=\"_blank\" rel=\"noopener noreferrer\">Kundenvollmacht<\/a><a href=\"https:\/\/meinversicherungsvergleich.at\/old-agentur-draxler\/wp-content\/uploads\/2023\/03\/Kundenvollmacht.pdf\" target=\"_blank\" rel=\"noopener noreferrer\"><br \/><\/a><\/p>\n[\/et_pb_text][et_pb_text admin_label=&#8220;KFZ-Unfallbericht&#8220; _builder_version=&#8220;4.16&#8243; border_style=&#8220;solid&#8220; global_colors_info=&#8220;{}&#8220;]<img loading=\"lazy\" decoding=\"async\" class=\"alignleft wp-image-115418\" src=\"https:\/\/meinversicherungsvergleich.at\/old-agentur-draxler\/wp-content\/uploads\/2017\/07\/Zpt8n-150x150.jpg\" alt=\"\" width=\"30\" height=\"30\" \/><a href=\"https:\/\/meinversicherungsvergleich.at\/old-agentur-draxler\/wp-content\/uploads\/2017\/07\/Kfz-Unfallbericht.pdf\" target=\"_blank\" rel=\"noopener noreferrer\">KFZ-Unfallbericht<\/a><a href=\"https:\/\/www.titanmedia.at\/draxler1\/wp-content\/uploads\/2017\/06\/k_ndigung-vorlage_2015.pdf\" target=\"_blank\" rel=\"noopener noreferrer\"><br \/>\n<\/a>[\/et_pb_text][et_pb_text admin_label=&#8220;KFZ-Kaufvertrag (\u00d6AMTC)&#8220; _builder_version=&#8220;4.16&#8243; border_style=&#8220;solid&#8220; global_colors_info=&#8220;{}&#8220;]<a href=\"https:\/\/meinversicherungsvergleich.at\/old-agentur-draxler\/wp-content\/uploads\/2017\/07\/KFZ-%C3%96AMTC-Kaufvertrag.pdf\" target=\"_blank\" rel=\"noopener noreferrer\">KFZ-Kaufvertrag (\u00d6AMTC)<\/a><img loading=\"lazy\" decoding=\"async\" class=\"alignleft wp-image-115418\" src=\"https:\/\/meinversicherungsvergleich.at\/old-agentur-draxler\/wp-content\/uploads\/2017\/07\/Zpt8n-150x150.jpg\" alt=\"\" width=\"30\" height=\"30\" \/>[\/et_pb_text][et_pb_text admin_label=&#8220;KFZ-Schadenmeldung&#8220; _builder_version=&#8220;4.16&#8243; border_style=&#8220;solid&#8220; global_colors_info=&#8220;{}&#8220;]<img loading=\"lazy\" decoding=\"async\" class=\"alignleft wp-image-115418\" src=\"https:\/\/meinversicherungsvergleich.at\/old-agentur-draxler\/wp-content\/uploads\/2017\/07\/Zpt8n-150x150.jpg\" alt=\"\" width=\"30\" height=\"30\" \/><a href=\"https:\/\/meinversicherungsvergleich.at\/old-agentur-draxler\/wp-content\/uploads\/2017\/07\/Schadenmeldung-KFZ.pdf\" target=\"_blank\" rel=\"noopener noreferrer\">KFZ-Schadenmeldung<\/a><a href=\"https:\/\/www.titanmedia.at\/draxler1\/wp-content\/uploads\/2017\/06\/k_ndigung-vorlage_2015.pdf\" target=\"_blank\" rel=\"noopener noreferrer\"><br \/>\n<\/a>[\/et_pb_text][et_pb_text admin_label=&#8220;SEPA-Lastschriftenmandat&#8220; _builder_version=&#8220;4.16&#8243; border_style=&#8220;solid&#8220; global_colors_info=&#8220;{}&#8220;]<img loading=\"lazy\" decoding=\"async\" class=\"alignleft wp-image-115418\" src=\"https:\/\/meinversicherungsvergleich.at\/old-agentur-draxler\/wp-content\/uploads\/2017\/07\/Zpt8n-150x150.jpg\" alt=\"\" width=\"30\" height=\"30\" \/><a href=\"https:\/\/meinversicherungsvergleich.at\/old-agentur-draxler\/wp-content\/uploads\/2017\/07\/SEPA-Lastschriftenmandat.pdf\" target=\"_blank\" rel=\"noopener noreferrer\">SEPA-Lastschriftenmandat<\/a>[\/et_pb_text][et_pb_text admin_label=&#8220;KFZ-\u00dcbernahme der B\/M Stufe &#8220; _builder_version=&#8220;4.16&#8243; border_style=&#8220;solid&#8220; global_colors_info=&#8220;{}&#8220;]<img loading=\"lazy\" decoding=\"async\" class=\"alignleft wp-image-115418\" src=\"https:\/\/meinversicherungsvergleich.at\/old-agentur-draxler\/wp-content\/uploads\/2017\/07\/Zpt8n-150x150.jpg\" alt=\"\" width=\"30\" height=\"30\" \/><a href=\"https:\/\/meinversicherungsvergleich.at\/old-agentur-draxler\/wp-content\/uploads\/2017\/07\/KFZ-Bonus-%C3%9Cbergabeerkl%C3%A4rung.pdf\" target=\"_blank\" rel=\"noopener noreferrer\">KFZ-\u00dcbernahme der B\/M Stufe\u00a0<\/a>[\/et_pb_text][et_pb_text admin_label=&#8220;Schadenmeldung-Allg. Haftpflicht&#8220; _builder_version=&#8220;4.16&#8243; border_style=&#8220;solid&#8220; global_colors_info=&#8220;{}&#8220;]<img loading=\"lazy\" decoding=\"async\" class=\"alignleft wp-image-115418\" src=\"https:\/\/meinversicherungsvergleich.at\/old-agentur-draxler\/wp-content\/uploads\/2017\/07\/Zpt8n-150x150.jpg\" alt=\"\" width=\"30\" height=\"30\" \/><a href=\"https:\/\/meinversicherungsvergleich.at\/old-agentur-draxler\/wp-content\/uploads\/2017\/07\/Schadenmeldung-Allgemeine-Haftpflicht.doc.pdf\" target=\"_blank\" rel=\"noopener noreferrer\">Schadenmeldung-Allg. Haftpflicht<\/a>[\/et_pb_text][et_pb_text admin_label=&#8220;Schadenmeldung-Personenunfall&#8220; _builder_version=&#8220;4.16&#8243; border_style=&#8220;solid&#8220; global_colors_info=&#8220;{}&#8220;]<img loading=\"lazy\" decoding=\"async\" class=\"alignleft wp-image-115418\" src=\"https:\/\/meinversicherungsvergleich.at\/old-agentur-draxler\/wp-content\/uploads\/2017\/07\/Zpt8n-150x150.jpg\" alt=\"\" width=\"30\" height=\"30\" \/><a href=\"https:\/\/meinversicherungsvergleich.at\/old-agentur-draxler\/wp-content\/uploads\/2017\/07\/Schadenmeldung-Unfallversicherung.pdf\" target=\"_blank\" rel=\"noopener noreferrer\">Schadenmeldung-Personenunfall<\/a>[\/et_pb_text][et_pb_text admin_label=&#8220;Schadenmeldung-Haushalt u. EGH&#8220; _builder_version=&#8220;4.16&#8243; border_style=&#8220;solid&#8220; global_colors_info=&#8220;{}&#8220;]<img loading=\"lazy\" decoding=\"async\" class=\"alignleft wp-image-115418\" src=\"https:\/\/meinversicherungsvergleich.at\/old-agentur-draxler\/wp-content\/uploads\/2017\/07\/Zpt8n-150x150.jpg\" alt=\"\" width=\"30\" height=\"30\" \/><a href=\"https:\/\/meinversicherungsvergleich.at\/old-agentur-draxler\/wp-content\/uploads\/2017\/07\/Schadenmeldung-Haushalt-u.-Eigenheim1.pdf\" target=\"_blank\" rel=\"noopener noreferrer\">Schadenmeldung-Haushalt u. EGH<\/a>[\/et_pb_text][\/et_pb_column][et_pb_column type=&#8220;1_3&#8243; _builder_version=&#8220;4.16&#8243; background_position=&#8220;top_left&#8220; custom_padding=&#8220;|||&#8220; global_colors_info=&#8220;{}&#8220; custom_padding__hover=&#8220;|||&#8220;][et_pb_image src=&#8220;https:\/\/meinversicherungsvergleich.at\/old-agentur-draxler\/wp-content\/uploads\/2023\/03\/WhatsApp-Image-2023-03-20-at-15.52.14.jpeg&#8220; title_text=&#8220;WhatsApp Image 2023-03-20 at 15.52.14&#8243; url=&#8220;https:\/\/www.facebook.com\/Versicherungsagentur-DRAXLER-190712080961990\/&#8220; url_new_window=&#8220;on&#8220; align_tablet=&#8220;center&#8220; align_phone=&#8220;center&#8220; align_last_edited=&#8220;on|desktop&#8220; admin_label=&#8220;Bild&#8220; _builder_version=&#8220;4.20.2&#8243; max_width=&#8220;240px&#8220; animation_style=&#8220;slide&#8220; animation_direction=&#8220;left&#8220; animation_duration=&#8220;500ms&#8220; animation_intensity_slide=&#8220;10%&#8220; global_colors_info=&#8220;{}&#8220;][\/et_pb_image][et_pb_code admin_label=&#8220;Code&#8220; _builder_version=&#8220;4.16&#8243; global_colors_info=&#8220;{}&#8220;]<iframe loading=\"lazy\" src=\"https:\/\/www.facebook.com\/plugins\/like.php?href=https%3A%2F%2Fwww.facebook.com%2FVersicherungsagentur-DRAXLER-190712080961990%2F&#038;width=101&#038;layout=box_count&#038;action=like&#038;size=large&#038;show_faces=true&#038;share=false&#038;height=65&#038;appId=1302569739816189\" width=\"101\" height=\"65\" style=\"border:none;overflow:hidden\" scrolling=\"no\" frameborder=\"0\" allowTransparency=\"true\"><\/iframe>[\/et_pb_code][et_pb_text admin_label=&#8220;Text&#8220; _builder_version=&#8220;4.16&#8243; global_colors_info=&#8220;{}&#8220;]\n<h3><strong>Formulare in PDF<\/strong><\/h3>\n[\/et_pb_text][et_pb_text content_last_edited=&#8220;off|desktop&#8220; admin_label=&#8220;Text&#8220; _builder_version=&#8220;4.21.0&#8243; custom_margin=&#8220;-25px|||&#8220; custom_padding=&#8220;9px|||||&#8220; border_style=&#8220;solid&#8220; global_module=&#8220;115633&#8243; saved_tabs=&#8220;all&#8220; global_colors_info=&#8220;{}&#8220;]\n<p><a href=\"https:\/\/meinversicherungsvergleich.at\/old-agentur-draxler\/wp-content\/uploads\/2023\/10\/Kuendigung.pdf\" target=\"_blank\" rel=\"noopener noreferrer\">K\u00fcndigung<\/a><br \/><a href=\"https:\/\/meinversicherungsvergleich.at\/old-agentur-draxler\/wp-content\/uploads\/2023\/10\/Vollmacht.pdf\" target=\"_blank\" rel=\"noopener noreferrer\">Kundenvollmacht<\/a><br \/><a href=\"https:\/\/meinversicherungsvergleich.at\/old-agentur-draxler\/wp-content\/uploads\/2017\/07\/Vollmacht-Rudolf-Draxler.pdf\"><\/a><a href=\"https:\/\/meinversicherungsvergleich.at\/old-agentur-draxler\/wp-content\/uploads\/2017\/07\/Kfz-Unfallbericht.pdf\" target=\"_blank\" rel=\"noopener noreferrer\">KFZ-Unfallbericht<\/a><br \/><a href=\"https:\/\/meinversicherungsvergleich.at\/old-agentur-draxler\/wp-content\/uploads\/2017\/07\/KFZ-\u00d6AMTC-Kaufvertrag.pdf\" target=\"_blank\" rel=\"noopener noreferrer\">KFZ-Kaufvertrag (\u00d6AMTC)<\/a><br \/><a href=\"https:\/\/meinversicherungsvergleich.at\/old-agentur-draxler\/wp-content\/uploads\/2017\/07\/Schadenmeldung-KFZ.pdf\" target=\"_blank\" rel=\"noopener noreferrer\">KFZ-Schadenmeldung<br \/><\/a><a href=\"https:\/\/meinversicherungsvergleich.at\/old-agentur-draxler\/wp-content\/uploads\/2017\/07\/SEPA-Lastschriftenmandat.pdf\" target=\"_blank\" rel=\"noopener noreferrer\">SEPA-Lastschriftenmandat<\/a><br \/><a href=\"https:\/\/meinversicherungsvergleich.at\/old-agentur-draxler\/wp-content\/uploads\/2017\/07\/KFZ-Bonus-\u00dcbergabeerkl\u00e4rung.pdf\" target=\"_blank\" rel=\"noopener noreferrer\">KFZ-\u00dcbernahme der B\/M-Stufe\u00a0<\/a><br \/><a href=\"https:\/\/meinversicherungsvergleich.at\/old-agentur-draxler\/wp-content\/uploads\/2017\/07\/Schadenmeldung-Allgemeine-Haftpflicht.doc.pdf\" target=\"_blank\" rel=\"noopener noreferrer\">Schadenmeldung-Allg. Haftpflicht<\/a><br \/><a href=\"https:\/\/meinversicherungsvergleich.at\/old-agentur-draxler\/wp-content\/uploads\/2017\/07\/Schadenmeldung-Unfallversicherung.pdf\" target=\"_blank\" rel=\"noopener noreferrer\">Schadenmeldung-Personenunfall<\/a><br \/><a href=\"https:\/\/meinversicherungsvergleich.at\/old-agentur-draxler\/wp-content\/uploads\/2017\/07\/Schadenmeldung-Haushalt-u.-Eigenheim1.pdf\" target=\"_blank\" rel=\"noopener noreferrer\">Schadenmeldung-Haushalt u. EGH<\/a><\/p>\n[\/et_pb_text][et_pb_text admin_label=&#8220;Text&#8220; _builder_version=&#8220;4.16&#8243; global_colors_info=&#8220;{}&#8220;] <a href=\"http:\/\/www.adobe.com\/de\/products\/acrobat\/readstep2.html?promoid=COYSX\" target=\"_blank\" rel=\"noopener noreferrer\"><img loading=\"lazy\" decoding=\"async\" class=\"wp-image-315 size-full alignleft\" src=\"https:\/\/meinversicherungsvergleich.at\/old-agentur-draxler\/wp-content\/uploads\/2017\/07\/get_adobe.jpg\" alt=\"\" width=\"120\" height=\"28\" \/><\/a> [\/et_pb_text][\/et_pb_column][\/et_pb_row][\/et_pb_section]\n","protected":false},"excerpt":{"rendered":"<p>FORMULAREK\u00fcndigungKundenvollmachtKFZ-Unfallbericht KFZ-Kaufvertrag (\u00d6AMTC)KFZ-Schadenmeldung SEPA-LastschriftenmandatKFZ-\u00dcbernahme der B\/M Stufe\u00a0Schadenmeldung-Allg. HaftpflichtSchadenmeldung-PersonenunfallSchadenmeldung-Haushalt u. EGHFormulare in PDFK\u00fcndigungKundenvollmachtKFZ-UnfallberichtKFZ-Kaufvertrag (\u00d6AMTC)KFZ-SchadenmeldungSEPA-LastschriftenmandatKFZ-\u00dcbernahme der B\/M-Stufe\u00a0Schadenmeldung-Allg. HaftpflichtSchadenmeldung-PersonenunfallSchadenmeldung-Haushalt u. EGH<\/p>\n","protected":false},"author":1,"featured_media":0,"parent":0,"menu_order":0,"comment_status":"closed","ping_status":"closed","template":"","meta":{"_et_pb_use_builder":"on","_et_pb_old_content":"","_et_gb_content_width":"","footnotes":""},"class_list":["post-115564","page","type-page","status-publish","hentry"],"_links":{"self":[{"href":"https:\/\/meinversicherungsvergleich.at\/old-agentur-draxler\/wp-json\/wp\/v2\/pages\/115564","targetHints":{"allow":["GET"]}}],"collection":[{"href":"https:\/\/meinversicherungsvergleich.at\/old-agentur-draxler\/wp-json\/wp\/v2\/pages"}],"about":[{"href":"https:\/\/meinversicherungsvergleich.at\/old-agentur-draxler\/wp-json\/wp\/v2\/types\/page"}],"author":[{"embeddable":true,"href":"https:\/\/meinversicherungsvergleich.at\/old-agentur-draxler\/wp-json\/wp\/v2\/users\/1"}],"replies":[{"embeddable":true,"href":"https:\/\/meinversicherungsvergleich.at\/old-agentur-draxler\/wp-json\/wp\/v2\/comments?post=115564"}],"version-history":[{"count":14,"href":"https:\/\/meinversicherungsvergleich.at\/old-agentur-draxler\/wp-json\/wp\/v2\/pages\/115564\/revisions"}],"predecessor-version":[{"id":116651,"href":"https:\/\/meinversicherungsvergleich.at\/old-agentur-draxler\/wp-json\/wp\/v2\/pages\/115564\/revisions\/116651"}],"wp:attachment":[{"href":"https:\/\/meinversicherungsvergleich.at\/old-agentur-draxler\/wp-json\/wp\/v2\/media?parent=115564"}],"curies":[{"name":"wp","href":"https:\/\/api.w.org\/{rel}","templated":true}]}}