{"id":115562,"date":"2017-07-02T19:47:41","date_gmt":"2017-07-02T17:47:41","guid":{"rendered":"https:\/\/meinversicherungsvergleich.at\/old-agentur-draxler\/?page_id=115562"},"modified":"2017-07-03T11:42:40","modified_gmt":"2017-07-03T09:42:40","slug":"agb","status":"publish","type":"page","link":"https:\/\/meinversicherungsvergleich.at\/old-agentur-draxler\/agb\/","title":{"rendered":"AGB"},"content":{"rendered":"[et_pb_section bb_built=&#8220;1&#8243; admin_label=&#8220;Sektion&#8220; _builder_version=&#8220;3.0.47&#8243; custom_padding=&#8220;54px|0px|0px|0px&#8220;][et_pb_row admin_label=&#8220;row&#8220; custom_padding=&#8220;0px|0px|8px|0px&#8220; background_position_1=&#8220;top_left&#8220; background_repeat_1=&#8220;no-repeat&#8220; _builder_version=&#8220;3.0.51&#8243; background_size=&#8220;initial&#8220; background_position=&#8220;top_left&#8220; background_repeat=&#8220;repeat&#8220;][et_pb_column type=&#8220;4_4&#8243;][et_pb_text admin_label=&#8220;\u00dcberschrift: Kontakt&#8220; text_orientation=&#8220;center&#8220; module_id=&#8220;contact&#8220; _builder_version=&#8220;3.0.51&#8243; header_font=&#8220;Roboto||||&#8220; header_font_size=&#8220;29px&#8220; header_font_size_tablet=&#8220;27px&#8220; header_font_size_phone=&#8220;26px&#8220; header_font_size_last_edited=&#8220;on|phone&#8220; header_line_height=&#8220;1.2em&#8220; background_size=&#8220;initial&#8220; background_position=&#8220;top_left&#8220; background_repeat=&#8220;repeat&#8220; background_layout=&#8220;light&#8220; border_style=&#8220;solid&#8220;]\n<h1 class=\"liniee\">AGB &#8211; ALLGEMEINE GESCH\u00c4FTSBEDINGUNGEN<\/h1>\n[\/et_pb_text][\/et_pb_column][\/et_pb_row][\/et_pb_section][et_pb_section bb_built=&#8220;1&#8243; admin_label=&#8220;section&#8220; _builder_version=&#8220;3.0.47&#8243;][et_pb_row admin_label=&#8220;row&#8220; _builder_version=&#8220;3.0.51&#8243; background_size=&#8220;initial&#8220; background_position=&#8220;top_left&#8220; background_repeat=&#8220;repeat&#8220; background_position_1=&#8220;top_left&#8220; background_repeat_1=&#8220;no-repeat&#8220; background_position_2=&#8220;top_left&#8220; background_repeat_2=&#8220;no-repeat&#8220;][et_pb_column type=&#8220;2_3&#8243;][et_pb_text admin_label=&#8220;Text&#8220; _builder_version=&#8220;3.0.51&#8243;]\n<p><strong>1.) Nutzungsbedingungen, Gew\u00e4hrleistung, Haftung:<br \/>\n<\/strong><br \/>\nDie Nutzung dieser Website erfolgt auf eigene Gefahr und auf eigenes Risiko. Wir \u00fcbernehmen\u00a0keine,<br \/>\nGew\u00e4hrleistung, f\u00fcr die Angebote, Dienstleistungen und Services hinsichtlich Richtigkeit, Vollst\u00e4ndigkeit und,<br \/>\nFunktionalit\u00e4t.\u00a0Die Gew\u00e4hrleistung richtet sich nach den gesetzlichen Bestimmungen. Jegliche Haftung f\u00fcr entstandene Sch\u00e4den, die direkt aus der Benutzung dieser Website,\u00a0entstehen oder entstanden sind ausgeschlossen. Diese\u00a0Website\u00a0und die damit verbundenen\u00a0Dienste werden unter dem Gesichtspunkt gr\u00f6\u00dfter Sorgfalt betrieben.\u00a0Die st\u00e4ndige Erreichbarkeit unserer Website\u00a0<a href=\"https:\/\/meinversicherungsvergleich.at\/old-agentur-draxler\/\" target=\"_blank\" rel=\"noopener noreferrer\">www.agentur-draxler.at<\/a>\u00a0kann nicht zugesichert werden, da zwecks Service, Wartung und Sicherung unserer gespeicherten Daten,<br \/>\nes teilweise vorkommen\u00a0kann, dass unsere Internetpr\u00e4senz nur teilweise erreichbar ist.<\/p>\n<p><strong>2.) Datenschutzrichtlinien:<br \/>\n<\/strong><br \/>\nDie Einhaltung der geltenden gesetzlichen Bestimmungen zum Datenschutz personenbezogener Daten ist f\u00fcr unser Unternehmen selbstverst\u00e4ndlich.\u00a0Gem\u00e4\u00df Datenschutzgesetz (DSG) sind,<br \/>\npersonenbezogene Daten Informationen, die genutzt werden k\u00f6nnen, um die Identit\u00e4t von Website-Benutzern zu erfahren.\u00a0Darunter fallen Informationen wie Name, Adresse, Telefonnummer und Geburtsdaten etc. s\u00e4mtliche Informationen, die nicht direkt mit der tats\u00e4chlichen Identit\u00e4t,<br \/>\ndes Nutzers in Verbindung gebracht werden k\u00f6nnen fallen nicht darunter. Bei Bedarf und sofern der Nutzer einen interaktiven Dienst aus unserer Website verwendet,\u00a0erfassen wir pers\u00f6nliche Daten des Nutzers, anhand unserer Angebotsformulare. Wir verwenden diese nur im Falle von Anfragen und nur innerhalb unseres Unternehmens.\u00a0Diese Daten werden nicht an Dritte weitergegeben, es sei denn z.B. f\u00fcr spezielle Angebotsanfragen an eines unser Partnerunternehmen, die zur Vertragserf\u00fcllung erforderlich sind.<\/p>\n<p><strong>3.) Verwendung von Cookies:<\/strong><\/p>\n<p>Unsere Website verwendet Cookies, um nachvollziehen zu k\u00f6nnen ob unsere Website f\u00fcr den Besucher interessant und n\u00fctzlich ist, werden mit Hilfe einer Cookiesstatistik\u00a0die Zugriffe auf unsere Website gespeichert, wie z.B. mit welcher Suchmaschine Sie unsere Website gefunden haben, Datum, Uhrzeit und die Aufenthaltsdauer auf unserer Website.In und mit diesen Cookies werden keinerlei personenspezifischer Daten gespeichert. Diese Cookies richten auf Ihrem Rechner keinen Schaden an und enthalten keine Viren,\u00a0jede Seite im Internet verwendet meistens eine automatisierte Speicherung von Cookies, so das Sie beim n\u00e4chsten mal die Seite schneller aufrufen k\u00f6nnen.\u00a0Weitere Infos betreffend &#8222;Was sind Cookies&#8220; k\u00f6nnen Sie unter,<br \/>\n<a href=\"http:\/\/de.wikipedia.org\/wiki\/HTTP-Cookie\" target=\"_blank\" rel=\"noopener noreferrer\">Wikipedia &#8211; Cookies<\/a>\u00a0nachlesen.<\/p>\n<p><strong>4.) Copyright und Markenrecht:<\/strong><\/p>\n<p>Alle angef\u00fchrten Bilder sowie Produktbeschreibung und Inhalte sind ausnahmslos nur f\u00fcr die Nutzung von &#8222;<a href=\"http:\/\/agentur-draxler.at\/index.php?p=1_6\">Versicherungsagentur-DRAXLER<\/a>&#8220; bestimmt.\u00a0Das Vervielf\u00e4ltigen von Produktbeschreibungen sowie Inhalte unserer Website inkl. Bilder und jede Form von gewerblicher Nutzung sowie Weitergabe an Dritte,<br \/>\nauch in Teilen, oder in \u00fcberarbeiteter Form, ohne Zustimmung des Websitebetreibers, ist nicht gestattet.<\/p>\n<p><strong>5.) Link Policy:<\/strong><\/p>\n<p>Bei Weiterverlinkung auf externe Websites sowie Online-Angebote \u00fcbernehmen wir keinerlei Haftung \u00fcber den Inhalt dieser verlinkten Website. Dies gilt auch bei allen anderen direkten oder indirekten Verweisen oder Weiterverlinkungen auf fremde Internetangebote. Falls eine Website auf der Sie von unserer Website aus verlinkt wurden, einen rechtswidrigen Inhalt enthalten, so bitten wir Sie uns dies mittels per Mail oder Kontaktformular uns umgehend mitzuteilen.<\/p>\n<p><strong>6.) Streitschlichtung, Gerichtsstand:<\/strong><\/p>\n<p>Es gilt \u00d6sterreichisches Recht. Die &#8222;<a href=\"http:\/\/agentur-draxler.at\/index.php?p=1_6\">Versicherungsagentur-DRAXLER<\/a>&#8220; anerkennt den Internet-Ombudsmann als au\u00dfergerichtliche Schlichtungsstelle an.<br \/>\nInternet Ombudsmann, Margaretenstrasse 70\/2\/10, 1050 Wien<br \/>\nTelefon: +43 1 59 52 112\/95<br \/>\nE-Mail:\u00a0<span id=\"e927753824\"><a href=\"mailto:beratung@ombudsmann.at\">beratung@ombudsmann.at<\/a><\/span><br \/>\nWebsite: <a href=\"http:\/\/www.ombudsmann.at\/\" target=\"_blank\" rel=\"noopener noreferrer\">www.ombudsmann.at<\/a><\/p>\n[\/et_pb_text][\/et_pb_column][et_pb_column type=&#8220;1_3&#8243;][et_pb_image admin_label=&#8220;Bild&#8220; src=&#8220;https:\/\/meinversicherungsvergleich.at\/old-agentur-draxler\/wp-content\/uploads\/2017\/07\/WhatsApp-Image-2017-06-12-at-11.58.22.jpeg&#8220; url=&#8220;https:\/\/www.facebook.com\/Versicherungsagentur-DRAXLER-190712080961990\/&#8220; url_new_window=&#8220;on&#8220; max_width=&#8220;240px&#8220; _builder_version=&#8220;3.0.51&#8243; \/][et_pb_code admin_label=&#8220;Code&#8220; _builder_version=&#8220;3.0.51&#8243;]&lt;iframe src=&#8220;https:\/\/www.facebook.com\/plugins\/like.php?href=https%3A%2F%2Fwww.facebook.com%2FVersicherungsagentur-DRAXLER-190712080961990%2F&amp;width=101&amp;layout=box_count&amp;action=like&amp;size=large&amp;show_faces=true&amp;share=false&amp;height=65&amp;appId=1302569739816189&#8243; width=&#8220;101&#8243; height=&#8220;65&#8243; style=&#8220;border:none;overflow:hidden&#8220; scrolling=&#8220;no&#8220; frameborder=&#8220;0&#8243; allowTransparency=&#8220;true&#8220;&gt;&lt;\/iframe&gt;[\/et_pb_code][et_pb_text admin_label=&#8220;Text&#8220; _builder_version=&#8220;3.0.51&#8243;]\n<h3><strong>Formulare in PDF<\/strong><\/h3>\n[\/et_pb_text][et_pb_text admin_label=&#8220;Text&#8220; _builder_version=&#8220;3.0.51&#8243; custom_padding=&#8220;|||&#8220; custom_margin=&#8220;-25px|||&#8220; saved_tabs=&#8220;all&#8220; background_layout=&#8220;light&#8220; text_orientation=&#8220;left&#8220; border_style=&#8220;solid&#8220; global_module=&#8220;115633&#8243;]\n<p><a href=\"https:\/\/meinversicherungsvergleich.at\/old-agentur-draxler\/wp-content\/uploads\/2017\/07\/K\u00fcndigung-Vorlage.pdf\" target=\"_blank\" rel=\"noopener noreferrer\">K\u00fcndigung<\/a><br \/>\n<a href=\"https:\/\/meinversicherungsvergleich.at\/old-agentur-draxler\/wp-content\/uploads\/2017\/07\/Kfz-Unfallbericht.pdf\" target=\"_blank\" rel=\"noopener noreferrer\">KFZ-Unfallbericht<\/a><br \/>\n<a href=\"https:\/\/meinversicherungsvergleich.at\/old-agentur-draxler\/wp-content\/uploads\/2017\/07\/KFZ-\u00d6AMTC-Kaufvertrag.pdf\" target=\"_blank\" rel=\"noopener noreferrer\">KFZ-Kaufvertrag (\u00d6AMTC)<\/a><br \/>\n<a href=\"https:\/\/meinversicherungsvergleich.at\/old-agentur-draxler\/wp-content\/uploads\/2017\/07\/Schadenmeldung-KFZ.pdf\" target=\"_blank\" rel=\"noopener noreferrer\">KFZ-Schadenmeldung<br \/>\n<\/a><a href=\"https:\/\/meinversicherungsvergleich.at\/old-agentur-draxler\/wp-content\/uploads\/2017\/07\/SEPA-Lastschriftenmandat.pdf\" target=\"_blank\" rel=\"noopener noreferrer\">SEPA-Lastschriftenmandat<\/a><br \/>\n<a href=\"https:\/\/meinversicherungsvergleich.at\/old-agentur-draxler\/wp-content\/uploads\/2017\/07\/KFZ-Bonus-\u00dcbergabeerkl\u00e4rung.pdf\" target=\"_blank\" rel=\"noopener noreferrer\">KFZ-\u00dcbernahme der B\/M Stufe\u00a0<\/a><br \/>\n<a href=\"https:\/\/meinversicherungsvergleich.at\/old-agentur-draxler\/wp-content\/uploads\/2017\/07\/Schadenmeldung-Allgemeine-Haftpflicht.doc.pdf\" target=\"_blank\" rel=\"noopener noreferrer\">Schadenmeldung-Allg. Haftpflicht<\/a><br \/>\n<a href=\"https:\/\/meinversicherungsvergleich.at\/old-agentur-draxler\/wp-content\/uploads\/2017\/07\/Schadenmeldung-Unfallversicherung.pdf\" target=\"_blank\" rel=\"noopener noreferrer\">Schadenmeldung-Personenunfall<\/a><br \/>\n<a href=\"https:\/\/meinversicherungsvergleich.at\/old-agentur-draxler\/wp-content\/uploads\/2017\/07\/Schadenmeldung-Haushalt-u.-Eigenheim1.pdf\" target=\"_blank\" rel=\"noopener noreferrer\">Schadenmeldung-Haushalt u. EGH<\/a><\/p>\n<p>&nbsp;<\/p>\n[\/et_pb_text][et_pb_text admin_label=&#8220;Text&#8220; _builder_version=&#8220;3.0.51&#8243;] <a href=\"http:\/\/www.adobe.com\/de\/products\/acrobat\/readstep2.html?promoid=COYSX\" target=\"_blank\" rel=\"noopener noreferrer\"><img loading=\"lazy\" decoding=\"async\" class=\"wp-image-315 size-full alignleft\" src=\"https:\/\/meinversicherungsvergleich.at\/old-agentur-draxler\/wp-content\/uploads\/2017\/07\/get_adobe.jpg\" alt=\"\" width=\"120\" height=\"28\" \/><\/a> [\/et_pb_text][\/et_pb_column][\/et_pb_row][\/et_pb_section]\n","protected":false},"excerpt":{"rendered":"<p>AGB &#8211; ALLGEMEINE GESCH\u00c4FTSBEDINGUNGEN 1.) Nutzungsbedingungen, Gew\u00e4hrleistung, Haftung: Die Nutzung dieser Website erfolgt auf eigene Gefahr und auf eigenes Risiko. Wir \u00fcbernehmen\u00a0keine, Gew\u00e4hrleistung, f\u00fcr die Angebote, Dienstleistungen und Services hinsichtlich Richtigkeit, Vollst\u00e4ndigkeit und, Funktionalit\u00e4t.\u00a0Die Gew\u00e4hrleistung richtet sich nach den gesetzlichen Bestimmungen. Jegliche Haftung f\u00fcr entstandene Sch\u00e4den, die direkt aus der Benutzung dieser Website,\u00a0entstehen oder entstanden [&hellip;]<\/p>\n","protected":false},"author":1,"featured_media":0,"parent":0,"menu_order":0,"comment_status":"closed","ping_status":"closed","template":"","meta":{"_et_pb_use_builder":"on","_et_pb_old_content":"","_et_gb_content_width":"","footnotes":""},"class_list":["post-115562","page","type-page","status-publish","hentry"],"_links":{"self":[{"href":"https:\/\/meinversicherungsvergleich.at\/old-agentur-draxler\/wp-json\/wp\/v2\/pages\/115562","targetHints":{"allow":["GET"]}}],"collection":[{"href":"https:\/\/meinversicherungsvergleich.at\/old-agentur-draxler\/wp-json\/wp\/v2\/pages"}],"about":[{"href":"https:\/\/meinversicherungsvergleich.at\/old-agentur-draxler\/wp-json\/wp\/v2\/types\/page"}],"author":[{"embeddable":true,"href":"https:\/\/meinversicherungsvergleich.at\/old-agentur-draxler\/wp-json\/wp\/v2\/users\/1"}],"replies":[{"embeddable":true,"href":"https:\/\/meinversicherungsvergleich.at\/old-agentur-draxler\/wp-json\/wp\/v2\/comments?post=115562"}],"version-history":[{"count":2,"href":"https:\/\/meinversicherungsvergleich.at\/old-agentur-draxler\/wp-json\/wp\/v2\/pages\/115562\/revisions"}],"predecessor-version":[{"id":115637,"href":"https:\/\/meinversicherungsvergleich.at\/old-agentur-draxler\/wp-json\/wp\/v2\/pages\/115562\/revisions\/115637"}],"wp:attachment":[{"href":"https:\/\/meinversicherungsvergleich.at\/old-agentur-draxler\/wp-json\/wp\/v2\/media?parent=115562"}],"curies":[{"name":"wp","href":"https:\/\/api.w.org\/{rel}","templated":true}]}}